{"id":398,"date":"2024-06-24T10:51:04","date_gmt":"2024-06-24T10:51:04","guid":{"rendered":"https:\/\/honcharenko.dev\/livingthewar\/home\/"},"modified":"2024-12-19T17:43:07","modified_gmt":"2024-12-19T17:43:07","slug":"home","status":"publish","type":"page","link":"https:\/\/livingthewar.media\/es\/","title":{"rendered":"Homepage"},"content":{"rendered":"<section class=\"cards ajax\" data-target=\"load_more\">\n\n\n\n\n<div class=\"wp-block-columns footer-info is-layout-flex wp-container-core-columns-is-layout-9d6595d7 wp-block-columns-is-layout-flex\">\n<div class=\"wp-block-column is-layout-flow wp-block-column-is-layout-flow\">\n<h3 class=\"wp-block-heading\"><strong><strong><strong>Sobre el proyecto<\/strong><\/strong><\/strong><\/h3>\n\n\n\n<p class=\"condensed\">Viviendo la guerra es un proyecto documental sin \u00e1nimo de lucro que muestra las vidas cotidianas de personas reales durante la guerra rusa en Ucrania a trav\u00e9s de historias personales y documentaci\u00f3n fotogr\u00e1fica de diversos formatos, desde el 24 de febrero de 2022.<\/p>\n\n\n\n<p class=\"condensed\">El proyecto se fund\u00f3 en Kyiv en mayo de 2022. Nuestro objetivo es responder a una de las preguntas m\u00e1s frecuentes de la comunidad internacional: \u00bfC\u00f3mo se vive all\u00ed durante una guerra? Aunque es imposible comprenderlo del todo sin estar all\u00ed, creemos que una de las mejores maneras de encontrar respuestas es a trav\u00e9s de las historias personales y la documentaci\u00f3n fotogr\u00e1fica.&nbsp;<\/p>\n\n\n\n<p class=\"condensed\">Editamos una serie de libros y un diario en l\u00ednea, y organizamos exposiciones fotogr\u00e1ficas en cooperaci\u00f3n con nuestros socios.<\/p>\n<\/div>\n\n\n\n<div class=\"wp-block-column is-layout-flow wp-block-column-is-layout-flow\">\n<h3 class=\"wp-block-heading\"><strong>Socios<\/strong><\/h3>\n\n\n\n<p class=\"condensed\">Agradecemos a los socios el generoso apoyo de la comunidad de documentaci\u00f3n del proyecto y su contribuci\u00f3n para contar la verdad sobre la guerra a gran escala en Ucrania y preservar la memoria.<br><br><a href=\"https:\/\/www.irf.ua\/en\/\" data-type=\"link\" data-id=\"https:\/\/www.irf.ua\/en\/\" target=\"_blank\" rel=\"noreferrer noopener nofollow\">International Renaissance Foundation<br><\/a><a href=\"https:\/\/www.opensocietyfoundations.org\" target=\"_blank\" rel=\"noreferrer noopener nofollow\">Open Society Foundation<\/a><br><a href=\"https:\/\/novaukraine.org\" target=\"_blank\" rel=\"noreferrer noopener nofollow\">Nova Ukraine<\/a><\/p>\n\n\n\n<h3 class=\"wp-block-heading custom-margin\"><strong>Apoyanos<\/strong><\/h3>\n\n\n\n<p class=\"condensed\">Puedes apoyar directamente a nuestro equipo a trav\u00e9s de Paypal:&nbsp;<br><a href=\"mailto:livingthewar@gmail.com\">livingthewar@gmail.com<\/a><\/p>\n\n\n\n<h3 class=\"wp-block-heading custom-margin\"><strong>Contactos<\/strong><\/h3>\n\n\n\n<p class=\"condensed\">Para posibles colaboraciones o patrocinios, escr\u00edbenos a: <a href=\"mailto:livingthewar@gmail.com\">livingthewar@gmail.com<\/a><br><br>S\u00edguenos en instagram <a href=\"https:\/\/www.instagram.com\/livingthewar\/\" data-type=\"link\" data-id=\"https:\/\/www.instagram.com\/livingthewar\/\" target=\"_blank\" rel=\"noreferrer noopener nofollow\">@livingthewar<\/a><\/p>\n<\/div>\n<\/div>\n","protected":false},"excerpt":{"rendered":"<p>Sobre el proyecto Viviendo la guerra es un proyecto documental sin \u00e1nimo de lucro que muestra las vidas cotidianas de personas reales durante la guerra rusa en Ucrania a trav\u00e9s de historias personales y documentaci\u00f3n fotogr\u00e1fica de diversos formatos, desde el 24 de febrero de 2022. El proyecto se fund\u00f3 en Kyiv en mayo de [&hellip;]<\/p>\n","protected":false},"author":1,"featured_media":0,"parent":0,"menu_order":1,"comment_status":"closed","ping_status":"open","template":"","meta":{"_acf_changed":false,"footnotes":""},"class_list":["post-398","page","type-page","status-publish","hentry"],"acf":[],"_links":{"self":[{"href":"https:\/\/livingthewar.media\/es\/wp-json\/wp\/v2\/pages\/398","targetHints":{"allow":["GET"]}}],"collection":[{"href":"https:\/\/livingthewar.media\/es\/wp-json\/wp\/v2\/pages"}],"about":[{"href":"https:\/\/livingthewar.media\/es\/wp-json\/wp\/v2\/types\/page"}],"author":[{"embeddable":true,"href":"https:\/\/livingthewar.media\/es\/wp-json\/wp\/v2\/users\/1"}],"replies":[{"embeddable":true,"href":"https:\/\/livingthewar.media\/es\/wp-json\/wp\/v2\/comments?post=398"}],"version-history":[{"count":27,"href":"https:\/\/livingthewar.media\/es\/wp-json\/wp\/v2\/pages\/398\/revisions"}],"predecessor-version":[{"id":1232,"href":"https:\/\/livingthewar.media\/es\/wp-json\/wp\/v2\/pages\/398\/revisions\/1232"}],"wp:attachment":[{"href":"https:\/\/livingthewar.media\/es\/wp-json\/wp\/v2\/media?parent=398"}],"curies":[{"name":"wp","href":"https:\/\/api.w.org\/{rel}","templated":true}]}}